{"id":1974,"date":"2025-07-08T23:38:55","date_gmt":"2025-07-09T02:38:55","guid":{"rendered":"https:\/\/jorgetabajara.com\/?page_id=1974"},"modified":"2026-04-14T17:31:58","modified_gmt":"2026-04-14T20:31:58","slug":"elementor-1974","status":"publish","type":"page","link":"https:\/\/jorgetabajara.com\/","title":{"rendered":"Joge"},"content":{"rendered":"\t\t<div data-elementor-type=\"wp-post\" data-elementor-id=\"1974\" class=\"elementor elementor-1974\">\n\t\t\t\t<div class=\"elementor-element elementor-element-12b3fda e-flex e-con-boxed e-con e-parent\" data-id=\"12b3fda\" data-element_type=\"container\" data-e-type=\"container\" data-settings=\"{&quot;background_background&quot;:&quot;classic&quot;}\">\n\t\t\t\t\t<div class=\"e-con-inner\">\n\t\t<div class=\"elementor-element elementor-element-7cf7636 e-con-full e-flex e-con e-child\" data-id=\"7cf7636\" data-element_type=\"container\" data-e-type=\"container\">\n\t\t\t\t<div class=\"elementor-element elementor-element-6aa96ca elementor-widget__width-initial elementor-widget elementor-widget-image\" data-id=\"6aa96ca\" data-element_type=\"widget\" data-e-type=\"widget\" data-widget_type=\"image.default\">\n\t\t\t\t\t\t\t\t\t\t\t\t\t\t\t<img fetchpriority=\"high\" decoding=\"async\" width=\"645\" height=\"800\" src=\"https:\/\/jorgetabajara.com\/wp-content\/uploads\/2026\/03\/jt.jpg\" class=\"attachment-large size-large wp-image-2264\" alt=\"\" srcset=\"https:\/\/jorgetabajara.com\/wp-content\/uploads\/2026\/03\/jt.jpg 645w, https:\/\/jorgetabajara.com\/wp-content\/uploads\/2026\/03\/jt-242x300.jpg 242w\" sizes=\"(max-width: 645px) 100vw, 645px\" \/>\t\t\t\t\t\t\t\t\t\t\t\t\t\t\t<\/div>\n\t\t\t\t<\/div>\n\t\t<div class=\"elementor-element elementor-element-f865ff2 e-con-full e-flex e-con e-child\" data-id=\"f865ff2\" data-element_type=\"container\" data-e-type=\"container\">\n\t\t<div class=\"elementor-element elementor-element-1a6a9b3 e-con-full e-flex e-con e-child\" data-id=\"1a6a9b3\" data-element_type=\"container\" data-e-type=\"container\">\n\t\t\t\t<div class=\"elementor-element elementor-element-5fb736a elementor-widget__width-initial elementor-widget-mobile__width-initial elementor-widget elementor-widget-image\" data-id=\"5fb736a\" data-element_type=\"widget\" data-e-type=\"widget\" data-widget_type=\"image.default\">\n\t\t\t\t\t\t\t\t\t\t\t\t\t\t\t<img decoding=\"async\" width=\"205\" height=\"146\" src=\"https:\/\/jorgetabajara.com\/wp-content\/uploads\/2025\/10\/t.png\" class=\"attachment-large size-large wp-image-2223\" alt=\"\" \/>\t\t\t\t\t\t\t\t\t\t\t\t\t\t\t<\/div>\n\t\t\t\t<\/div>\n\t\t<div class=\"elementor-element elementor-element-2120518 e-con-full e-flex e-con e-child\" data-id=\"2120518\" data-element_type=\"container\" data-e-type=\"container\">\n\t\t\t\t<div class=\"elementor-element elementor-element-161c95c elementor-widget elementor-widget-heading\" data-id=\"161c95c\" data-element_type=\"widget\" data-e-type=\"widget\" data-widget_type=\"heading.default\">\n\t\t\t\t\t<h2 class=\"elementor-heading-title elementor-size-default\">Fine artist and Illustrator<\/h2>\t\t\t\t<\/div>\n\t\t\t\t<div class=\"elementor-element elementor-element-7a14bd8 elementor-widget elementor-widget-text-editor\" data-id=\"7a14bd8\" data-element_type=\"widget\" data-e-type=\"widget\" data-widget_type=\"text-editor.default\">\n\t\t\t\t\t\t\t\t\t<p>Graduado e p\u00f3s graduado em Design Gr\u00e1fico. Com mais de vinte anos no mercado de ilustra\u00e7\u00e3o e arte. Tamb\u00e9m dedica seu tempo ao estudo de desenho e pintura. Acredita na uni\u00e3o poderosa do design com as t\u00e9cnicas dos grandes mestres da pintura cl\u00e1ssica.<\/p>\t\t\t\t\t\t\t\t<\/div>\n\t\t\t\t<div class=\"elementor-element elementor-element-66e744c elementor-widget elementor-widget-text-editor\" data-id=\"66e744c\" data-element_type=\"widget\" data-e-type=\"widget\" data-widget_type=\"text-editor.default\">\n\t\t\t\t\t\t\t\t\t<p>Graduated and post-graduated in Graphic Design. With over twenty years in the illustration and art market. Also dedicates his time to the study of drawing and painting. Believes in the powerful union of design with the techniques of the great masters of classical painting.<\/p>\t\t\t\t\t\t\t\t<\/div>\n\t\t\t\t<\/div>\n\t\t\t\t<div class=\"elementor-element elementor-element-c5a8121 elementor-widget elementor-widget-heading\" data-id=\"c5a8121\" data-element_type=\"widget\" data-e-type=\"widget\" data-widget_type=\"heading.default\">\n\t\t\t\t\t<h5 class=\"elementor-heading-title elementor-size-default\">Portf\u00f3lio<\/h5>\t\t\t\t<\/div>\n\t\t<div class=\"elementor-element elementor-element-bfc2a57 e-con-full e-flex e-con e-child\" data-id=\"bfc2a57\" data-element_type=\"container\" data-e-type=\"container\">\n\t\t\t\t<div class=\"elementor-element elementor-element-7297322 elementor-widget__width-initial elementor-view-default elementor-widget elementor-widget-icon\" data-id=\"7297322\" data-element_type=\"widget\" data-e-type=\"widget\" data-widget_type=\"icon.default\">\n\t\t\t\t\t\t\t<div class=\"elementor-icon-wrapper\">\n\t\t\t<a class=\"elementor-icon\" href=\"https:\/\/www.instagram.com\/jorgetabajara_\/\" target=\"_blank\">\n\t\t\t<svg xmlns=\"http:\/\/www.w3.org\/2000\/svg\" xmlns:xlink=\"http:\/\/www.w3.org\/1999\/xlink\" id=\"Camada_1\" x=\"0px\" y=\"0px\" width=\"22px\" height=\"22px\" viewBox=\"0 0 22 22\" xml:space=\"preserve\"><g>\t<g>\t\t<path fill=\"#6D261D\" d=\"M18.502,22H3.501c-1.93,0-3.5-1.568-3.5-3.496V3.496C0.001,1.567,1.571,0,3.501,0h15.001   c1.928,0,3.496,1.567,3.496,3.496v15.008C21.998,20.432,20.43,22,18.502,22z M3.501,2.185c-0.724,0-1.313,0.588-1.313,1.311   v15.008c0,0.723,0.59,1.311,1.313,1.311h15.001c0.723,0,1.311-0.588,1.311-1.311V3.496c0-0.723-0.588-1.311-1.311-1.311H3.501z\"><\/path>\t<\/g>\t<path fill=\"#6D261D\" d=\"M11,16.673c-3.128,0-5.674-2.543-5.674-5.672c0-3.128,2.546-5.672,5.674-5.672S16.674,7.872,16.674,11  C16.674,14.13,14.128,16.673,11,16.673z M11,7.552c-1.901,0-3.447,1.547-3.447,3.449c0,1.901,1.546,3.446,3.447,3.446  c1.9,0,3.447-1.545,3.447-3.447C14.447,9.098,12.9,7.552,11,7.552z\"><\/path>\t<path fill=\"#6D261D\" d=\"M18.146,4.911c0,0.703-0.57,1.275-1.275,1.275s-1.275-0.572-1.275-1.275c0-0.707,0.57-1.277,1.275-1.277  S18.146,4.204,18.146,4.911z\"><\/path><\/g><\/svg>\t\t\t<\/a>\n\t\t<\/div>\n\t\t\t\t\t\t<\/div>\n\t\t\t\t<div class=\"elementor-element elementor-element-b3f40c0 elementor-widget elementor-widget-text-editor\" data-id=\"b3f40c0\" data-element_type=\"widget\" data-e-type=\"widget\" data-widget_type=\"text-editor.default\">\n\t\t\t\t\t\t\t\t\t<p class=\"p1\" style=\"margin: 0px; font-variant-numeric: normal; font-variant-east-asian: normal; font-variant-alternates: normal; font-size-adjust: none; font-kerning: auto; font-optical-sizing: auto; font-feature-settings: normal; font-variation-settings: normal; font-variant-position: normal; font-variant-emoji: normal; font-stretch: normal; line-height: normal;\"><span style=\"color: 6d261d; font-family: Helvetica;\"><span style=\"font-size: 12px;\">jorgetabajara_<\/span><\/span><\/p>\t\t\t\t\t\t\t\t<\/div>\n\t\t\t\t<\/div>\n\t\t<div class=\"elementor-element elementor-element-582bd4c e-con-full e-flex e-con e-child\" data-id=\"582bd4c\" data-element_type=\"container\" data-e-type=\"container\">\n\t\t\t\t<div class=\"elementor-element elementor-element-0077081 elementor-widget__width-initial elementor-view-default elementor-widget elementor-widget-icon\" data-id=\"0077081\" data-element_type=\"widget\" data-e-type=\"widget\" data-widget_type=\"icon.default\">\n\t\t\t\t\t\t\t<div class=\"elementor-icon-wrapper\">\n\t\t\t<a class=\"elementor-icon\" href=\"https:\/\/www.artstation.com\/jorgetabajara\" target=\"_blank\">\n\t\t\t<svg xmlns=\"http:\/\/www.w3.org\/2000\/svg\" xmlns:xlink=\"http:\/\/www.w3.org\/1999\/xlink\" id=\"Camada_1\" x=\"0px\" y=\"0px\" width=\"22px\" height=\"22px\" viewBox=\"0 0 22 22\" xml:space=\"preserve\"><path fill=\"#6D261D\" d=\"M0,16.229l1.852,3.201C2.23,20.18,2.995,20.65,3.83,20.65h12.295l-2.552-4.422H0z M21.928,16.25 c0-0.439-0.132-0.854-0.354-1.199L14.368,2.527c-0.381-0.725-1.134-1.178-1.955-1.178H8.605l11.128,19.28l1.756-3.037 C21.832,17.01,21.929,16.752,21.928,16.25L21.928,16.25z M11.76,13.088L6.788,4.476l-4.975,8.612H11.76z\"><\/path><\/svg>\t\t\t<\/a>\n\t\t<\/div>\n\t\t\t\t\t\t<\/div>\n\t\t\t\t<div class=\"elementor-element elementor-element-d972619 elementor-widget elementor-widget-text-editor\" data-id=\"d972619\" data-element_type=\"widget\" data-e-type=\"widget\" data-widget_type=\"text-editor.default\">\n\t\t\t\t\t\t\t\t\t<p class=\"p1\" style=\"margin: 0px; font-variant-numeric: normal; font-variant-east-asian: normal; font-variant-alternates: normal; font-size-adjust: none; font-kerning: auto; font-optical-sizing: auto; font-feature-settings: normal; font-variation-settings: normal; font-variant-position: normal; font-variant-emoji: normal; font-stretch: normal; line-height: normal;\"><span style=\"color: 6d261d; font-family: Helvetica;\"><span style=\"font-size: 12px;\">jorgetabajara<\/span><\/span><\/p>\t\t\t\t\t\t\t\t<\/div>\n\t\t\t\t<\/div>\n\t\t\t\t<div class=\"elementor-element elementor-element-507ade5 elementor-widget elementor-widget-heading\" data-id=\"507ade5\" data-element_type=\"widget\" data-e-type=\"widget\" data-widget_type=\"heading.default\">\n\t\t\t\t\t<h5 class=\"elementor-heading-title elementor-size-default\">Contato<\/h5>\t\t\t\t<\/div>\n\t\t<div class=\"elementor-element elementor-element-890e9a9 e-con-full e-flex e-con e-child\" data-id=\"890e9a9\" data-element_type=\"container\" data-e-type=\"container\">\n\t\t\t\t<div class=\"elementor-element elementor-element-ddb569e elementor-widget__width-initial elementor-view-default elementor-widget elementor-widget-icon\" data-id=\"ddb569e\" data-element_type=\"widget\" data-e-type=\"widget\" data-widget_type=\"icon.default\">\n\t\t\t\t\t\t\t<div class=\"elementor-icon-wrapper\">\n\t\t\t<div class=\"elementor-icon\">\n\t\t\t<svg xmlns=\"http:\/\/www.w3.org\/2000\/svg\" xmlns:xlink=\"http:\/\/www.w3.org\/1999\/xlink\" id=\"Camada_1\" x=\"0px\" y=\"0px\" width=\"22px\" height=\"22px\" viewBox=\"0 0 22 22\" xml:space=\"preserve\"><g>\t<path fill=\"#6D261D\" d=\"M18.503,22H3.5C1.571,22,0,20.432,0,18.504V3.496C0,1.566,1.571,0,3.5,0h15.004C20.432,0,22,1.566,22,3.496  v15.008C22,20.432,20.432,22,18.503,22z M3.5,2.184c-0.723,0-1.313,0.589-1.313,1.313v15.008c0,0.724,0.59,1.312,1.313,1.312  h15.004c0.723,0,1.311-0.588,1.311-1.312V3.496c0-0.723-0.588-1.313-1.311-1.313L3.5,2.184L3.5,2.184z\"><\/path>\t<path fill=\"#6D261D\" d=\"M11.001,13.023c-0.279,0-0.559-0.106-0.773-0.318L0.795,3.276c-0.427-0.426-0.427-1.119,0-1.545  c0.428-0.426,1.12-0.426,1.546-0.002L11,10.385l8.659-8.656c0.428-0.423,1.12-0.423,1.546,0.002c0.427,0.426,0.427,1.119,0,1.545  l-9.432,9.429C11.561,12.917,11.28,13.023,11.001,13.023z\"><\/path><\/g><\/svg>\t\t\t<\/div>\n\t\t<\/div>\n\t\t\t\t\t\t<\/div>\n\t\t\t\t<div class=\"elementor-element elementor-element-496a184 elementor-widget elementor-widget-text-editor\" data-id=\"496a184\" data-element_type=\"widget\" data-e-type=\"widget\" data-widget_type=\"text-editor.default\">\n\t\t\t\t\t\t\t\t\t<p class=\"p1\" style=\"margin-top: 0px; margin-right: 0px; margin-left: 0px; font-variant-numeric: normal; font-variant-east-asian: normal; font-variant-alternates: normal; font-size-adjust: none; font-kerning: auto; font-optical-sizing: auto; font-feature-settings: normal; font-variation-settings: normal; font-variant-position: normal; font-variant-emoji: normal; font-stretch: normal; font-size: 12px; line-height: normal; font-family: Helvetica; color: 6d261d; text-transform: none;\">jktabajara@gmail.com<\/p>\t\t\t\t\t\t\t\t<\/div>\n\t\t\t\t<\/div>\n\t\t\t\t<\/div>\n\t\t\t\t\t<\/div>\n\t\t\t\t<\/div>\n\t\t<div class=\"elementor-element elementor-element-660545e e-flex e-con-boxed e-con e-parent\" data-id=\"660545e\" data-element_type=\"container\" data-e-type=\"container\">\n\t\t\t\t\t<div class=\"e-con-inner\">\n\t\t\t\t\t<\/div>\n\t\t\t\t<\/div>\n\t\t<div class=\"elementor-element elementor-element-9c6ed7a e-flex e-con-boxed e-con e-parent\" data-id=\"9c6ed7a\" data-element_type=\"container\" data-e-type=\"container\">\n\t\t\t\t\t<div class=\"e-con-inner\">\n\t\t\t\t\t<\/div>\n\t\t\t\t<\/div>\n\t\t<div class=\"elementor-element elementor-element-41fd868 e-flex e-con-boxed e-con e-parent\" data-id=\"41fd868\" data-element_type=\"container\" data-e-type=\"container\">\n\t\t\t\t\t<div class=\"e-con-inner\">\n\t\t\t\t\t<\/div>\n\t\t\t\t<\/div>\n\t\t<div class=\"elementor-element elementor-element-d5425a1 e-grid e-con-boxed e-con e-parent\" data-id=\"d5425a1\" data-element_type=\"container\" data-e-type=\"container\">\n\t\t\t\t\t<div class=\"e-con-inner\">\n\t\t\t\t\t<\/div>\n\t\t\t\t<\/div>\n\t\t<div class=\"elementor-element elementor-element-385cf85 e-flex e-con-boxed e-con e-parent\" data-id=\"385cf85\" data-element_type=\"container\" data-e-type=\"container\" data-settings=\"{&quot;background_background&quot;:&quot;classic&quot;}\">\n\t\t\t\t\t<div class=\"e-con-inner\">\n\t\t\t\t\t<\/div>\n\t\t\t\t<\/div>\n\t\t<div class=\"elementor-element elementor-element-cae33af e-grid e-con-boxed e-con e-parent\" data-id=\"cae33af\" data-element_type=\"container\" data-e-type=\"container\">\n\t\t\t\t\t<div class=\"e-con-inner\">\n\t\t\t\t\t<\/div>\n\t\t\t\t<\/div>\n\t\t\t\t<\/div>\n\t\t","protected":false},"excerpt":{"rendered":"<p>Fine artist and Illustrator Graduado e p\u00f3s graduado em Design Gr\u00e1fico. Com mais de vinte anos no mercado de ilustra\u00e7\u00e3o e arte. Tamb\u00e9m dedica seu tempo ao estudo de desenho e pintura. Acredita na uni\u00e3o poderosa do design com as t\u00e9cnicas dos grandes mestres da pintura cl\u00e1ssica. Graduated and post-graduated in Graphic Design. With over [&hellip;]<\/p>\n","protected":false},"author":101011,"featured_media":0,"parent":0,"menu_order":0,"comment_status":"closed","ping_status":"closed","template":"elementor_header_footer","meta":{"footnotes":""},"class_list":["post-1974","page","type-page","status-publish","hentry"],"_links":{"self":[{"href":"https:\/\/jorgetabajara.com\/index.php?rest_route=\/wp\/v2\/pages\/1974","targetHints":{"allow":["GET"]}}],"collection":[{"href":"https:\/\/jorgetabajara.com\/index.php?rest_route=\/wp\/v2\/pages"}],"about":[{"href":"https:\/\/jorgetabajara.com\/index.php?rest_route=\/wp\/v2\/types\/page"}],"author":[{"embeddable":true,"href":"https:\/\/jorgetabajara.com\/index.php?rest_route=\/wp\/v2\/users\/101011"}],"replies":[{"embeddable":true,"href":"https:\/\/jorgetabajara.com\/index.php?rest_route=%2Fwp%2Fv2%2Fcomments&post=1974"}],"version-history":[{"count":220,"href":"https:\/\/jorgetabajara.com\/index.php?rest_route=\/wp\/v2\/pages\/1974\/revisions"}],"predecessor-version":[{"id":2303,"href":"https:\/\/jorgetabajara.com\/index.php?rest_route=\/wp\/v2\/pages\/1974\/revisions\/2303"}],"wp:attachment":[{"href":"https:\/\/jorgetabajara.com\/index.php?rest_route=%2Fwp%2Fv2%2Fmedia&parent=1974"}],"curies":[{"name":"wp","href":"https:\/\/api.w.org\/{rel}","templated":true}]}}